{"id":2828,"date":"2020-12-16T08:45:52","date_gmt":"2020-12-16T08:45:52","guid":{"rendered":"http:\/\/automotive-masters.eu\/?page_id=2828"},"modified":"2021-07-16T11:39:40","modified_gmt":"2021-07-16T11:39:40","slug":"impressum","status":"publish","type":"page","link":"https:\/\/automotive-masters.com\/en\/impressum\/","title":{"rendered":"Imprint"},"content":{"rendered":"<p><strong>Automotive-Masters&nbsp;GmbHAdresse<\/strong><br>Gr\u00fcneisenstra\u00dfe 10<br>70184 Stuttgart<br><strong>Registergericht<\/strong> Amtsgericht Stuttgart<br><strong>Registernummer<\/strong> HRB 758670<br><strong>USt-IdNr<\/strong> DE310116905<br><strong>Gesch\u00e4ftsf\u00fchrer<\/strong> Benjamin Alexander Weihmann, MBA&nbsp;Betriebswirt-Automobilwirtschaft<br><strong>E-mail<\/strong><a href=\"http:\/\/automotive-masters.de\/impressum.html#\" target=\"_blank\" rel=\"noopener\"> info@automotive-masters.com<\/a><br><strong>Tel<\/strong> +49 711 469 102 07<br><strong>Inh. Verantwortlicher<\/strong>&nbsp;(Name, Anschrift s.o.)<\/p>\n\n\n\n<p>Hinweis: Die effektive Austattung\/Daten der Fahrzeuge kann vom Publizierten abweichen.<\/p>\n\n\n\n<p>Die Europ\u00e4ische Kommission stellt eine Plattform zur Online-Streitbeilegung (OS) bereit, die Sie unter folgendem Link finden:&nbsp;<a href=\"http:\/\/ec.europa.eu\/odr\" target=\"_blank\" rel=\"noopener\">http:\/\/ec.europa.eu\/odr<\/a>HAFTUNG F\u00dcR LINKS<\/p>\n\n\n\n<p>Unser Angebot enth\u00e4lt Links zu externen Webseiten Dritter, auf deren Inhalte wir keinen Einfluss haben. Deshalb k\u00f6nnen wir f\u00fcr diese fremden Inhalte auch keine Gew\u00e4hr \u00fcbernehmen. F\u00fcr die Inhalte der verlinkten Seiten ist stets der jeweilige Anbieter oder Betreiber der Seiten verantwortlich. Die verlinkten Seiten wurden zum Zeitpunkt der Verlinkung auf m\u00f6gliche Rechtsverst\u00f6\u00dfe \u00fcberpr\u00fcft. Rechtswidrige Inhalte waren zum Zeitpunkt der Verlinkung nicht erkennbar. Eine permanente inhaltliche Kontrolle der verlinkten Seiten ist jedoch ohne konkrete Anhaltspunkte einer Rechtsverletzung nicht zumutbar. Bei Bekanntwerden von Rechtsverletzungen werden wir derartige Links umgehend entfernen.URHEBERRECHT<\/p>\n\n\n\n<p>Die durch die Seitenbetreiber erstellten Inhalte und Werke auf diesen Seiten unterliegen dem deutschen Urheberrecht. Die Vervielf\u00e4ltigung, Bearbeitung, Verbreitung und jede Art der Verwertung au\u00dferhalb der Grenzen des Urheberrechtes bed\u00fcrfen der schriftlichen Zustimmung des jeweiligen Autors bzw. Erstellers. Downloads und Kopien dieser Seite sind nur f\u00fcr den privaten, nicht kommerziellen Gebrauch gestattet. Soweit die Inhalte auf dieser Seite nicht vom Betreiber erstellt wurden, werden die Urheberrechte Dritter beachtet. Insbesondere werden Inhalte Dritter als solche gekennzeichnet. Sollten Sie trotzdem auf eine Urheberrechtsverletzung aufmerksam werden, bitten wir um einen entsprechenden Hinweis. Bei Bekanntwerden von Rechtsverletzungen werden wir derartige Inhalte umgehend entfernen.<br>DATENSCHUTZERKL\u00c4RUNG:<\/p>\n\n\n\n<p>Zur Datenschutzerkl\u00e4rung bitte&nbsp;<strong><a href=\"http:\/\/automotive-masters.de\/datenschutz.html\" target=\"_blank\" rel=\"noopener\">hier<\/a>&nbsp;<\/strong>klicken.<\/p>","protected":false},"excerpt":{"rendered":"<p>Automotive-Masters&nbsp;GmbHAdresseGr\u00fcneisenstra\u00dfe 1070184 StuttgartRegistergericht Amtsgericht StuttgartRegisternummer HRB 758670USt-IdNr DE310116905Gesch\u00e4ftsf\u00fchrer Benjamin Alexander Weihmann, MBA&nbsp;Betriebswirt-AutomobilwirtschaftE-mail info@automotive-masters.comTel +49 711 469 102 07Inh. Verantwortlicher&nbsp;(Name, Anschrift s.o.) Hinweis: Die effektive Austattung\/Daten der Fahrzeuge kann vom Publizierten abweichen. Die Europ\u00e4ische Kommission stellt eine Plattform zur Online-Streitbeilegung (OS) bereit, die Sie unter folgendem Link finden:&nbsp;http:\/\/ec.europa.eu\/odrHAFTUNG F\u00dcR LINKS Unser Angebot enth\u00e4lt Links zu externen<\/p>","protected":false},"author":1,"featured_media":0,"parent":0,"menu_order":0,"comment_status":"closed","ping_status":"closed","template":"","meta":{"footnotes":""},"_links":{"self":[{"href":"https:\/\/automotive-masters.com\/en\/wp-json\/wp\/v2\/pages\/2828"}],"collection":[{"href":"https:\/\/automotive-masters.com\/en\/wp-json\/wp\/v2\/pages"}],"about":[{"href":"https:\/\/automotive-masters.com\/en\/wp-json\/wp\/v2\/types\/page"}],"author":[{"embeddable":true,"href":"https:\/\/automotive-masters.com\/en\/wp-json\/wp\/v2\/users\/1"}],"replies":[{"embeddable":true,"href":"https:\/\/automotive-masters.com\/en\/wp-json\/wp\/v2\/comments?post=2828"}],"version-history":[{"count":0,"href":"https:\/\/automotive-masters.com\/en\/wp-json\/wp\/v2\/pages\/2828\/revisions"}],"wp:attachment":[{"href":"https:\/\/automotive-masters.com\/en\/wp-json\/wp\/v2\/media?parent=2828"}],"curies":[{"name":"wp","href":"https:\/\/api.w.org\/{rel}","templated":true}]}}